{"id":23728,"date":"2024-11-28T03:06:45","date_gmt":"2024-11-28T03:06:45","guid":{"rendered":"https:\/\/www.anifuzion.com\/?page_id=23728"},"modified":"2024-11-29T02:06:29","modified_gmt":"2024-11-29T02:06:29","slug":"explainer-video-gallery-multi-car-collision-downtown-breaking-news","status":"publish","type":"page","link":"https:\/\/www.anifuzion.com\/fr\/explainer-video-gallery\/multi-car-collision-downtown-breaking-news","title":{"rendered":"Multi-car Collision Downtown Breaking News"},"content":{"rendered":"\t\t<div data-elementor-type=\"wp-page\" data-elementor-id=\"23728\" class=\"elementor elementor-23728\">\n\t\t\t\t<div class=\"elementor-element elementor-element-b603716 e-flex e-con-boxed wpr-particle-no wpr-jarallax-no wpr-parallax-no wpr-sticky-section-no e-con e-parent\" data-id=\"b603716\" data-element_type=\"container\" data-e-type=\"container\" id=\"video-gallery-template-item-content\">\n\t\t\t\t\t<div class=\"e-con-inner\">\n\t\t<div class=\"elementor-element elementor-element-fa6fca2 e-con-full e-flex wpr-particle-no wpr-jarallax-no wpr-parallax-no wpr-sticky-section-no e-con e-child\" data-id=\"fa6fca2\" data-element_type=\"container\" data-e-type=\"container\">\n\t\t<div class=\"elementor-element elementor-element-3a794ed e-con-full e-flex wpr-particle-no wpr-jarallax-no wpr-parallax-no wpr-sticky-section-no e-con e-child\" data-id=\"3a794ed\" data-element_type=\"container\" data-e-type=\"container\">\n\t\t\t\t<div class=\"elementor-element elementor-element-7bcd996 e-n-tabs-mobile elementor-widget elementor-widget-n-tabs\" data-id=\"7bcd996\" data-element_type=\"widget\" data-e-type=\"widget\" data-settings=\"{&quot;horizontal_scroll&quot;:&quot;disable&quot;}\" data-widget_type=\"nested-tabs.default\">\n\t\t\t\t<div class=\"elementor-widget-container\">\n\t\t\t\t\t\t\t<div class=\"e-n-tabs\" data-widget-number=\"129816982\" aria-label=\"Onglets. Ouvrez des \u00e9l\u00e9ments avec Entrer ou Espace, fermez-les avec Echape et naviguez \u00e0 l&#039;aide des touches fl\u00e9ch\u00e9es.\">\n\t\t\t<div class=\"e-n-tabs-heading\" role=\"tablist\">\n\t\t\t\t\t<button id=\"e-n-tab-title-1298169821\" data-tab-title-id=\"e-n-tab-title-1298169821\" class=\"e-n-tab-title\" aria-selected=\"true\" data-tab-index=\"1\" role=\"tab\" tabindex=\"0\" aria-controls=\"e-n-tab-content-1298169821\" style=\"--n-tabs-title-order: 1;\">\n\t\t\t\t\t<span class=\"e-n-tab-icon\">\n\t\t\t<svg aria-hidden=\"true\" class=\"e-font-icon-svg e-fas-video\" viewBox=\"0 0 576 512\" xmlns=\"http:\/\/www.w3.org\/2000\/svg\"><path d=\"M336.2 64H47.8C21.4 64 0 85.4 0 111.8v288.4C0 426.6 21.4 448 47.8 448h288.4c26.4 0 47.8-21.4 47.8-47.8V111.8c0-26.4-21.4-47.8-47.8-47.8zm189.4 37.7L416 177.3v157.4l109.6 75.5c21.2 14.6 50.4-.3 50.4-25.8V127.5c0-25.4-29.1-40.4-50.4-25.8z\"><\/path><\/svg>\t\t\t<svg aria-hidden=\"true\" class=\"e-font-icon-svg e-fas-video\" viewBox=\"0 0 576 512\" xmlns=\"http:\/\/www.w3.org\/2000\/svg\"><path d=\"M336.2 64H47.8C21.4 64 0 85.4 0 111.8v288.4C0 426.6 21.4 448 47.8 448h288.4c26.4 0 47.8-21.4 47.8-47.8V111.8c0-26.4-21.4-47.8-47.8-47.8zm189.4 37.7L416 177.3v157.4l109.6 75.5c21.2 14.6 50.4-.3 50.4-25.8V127.5c0-25.4-29.1-40.4-50.4-25.8z\"><\/path><\/svg>\t\t<\/span>\n\t\t\t\t\t<span class=\"e-n-tab-title-text\">\n\t\t\t\tView as Video\t\t\t<\/span>\n\t\t<\/button>\n\t\t\t\t<button id=\"e-n-tab-title-1298169822\" data-tab-title-id=\"e-n-tab-title-1298169822\" class=\"e-n-tab-title\" aria-selected=\"false\" data-tab-index=\"2\" role=\"tab\" tabindex=\"-1\" aria-controls=\"e-n-tab-content-1298169822\" style=\"--n-tabs-title-order: 2;\">\n\t\t\t\t\t<span class=\"e-n-tab-icon\">\n\t\t\t<svg aria-hidden=\"true\" class=\"e-font-icon-svg e-fas-book-open\" viewBox=\"0 0 576 512\" xmlns=\"http:\/\/www.w3.org\/2000\/svg\"><path d=\"M542.22 32.05c-54.8 3.11-163.72 14.43-230.96 55.59-4.64 2.84-7.27 7.89-7.27 13.17v363.87c0 11.55 12.63 18.85 23.28 13.49 69.18-34.82 169.23-44.32 218.7-46.92 16.89-.89 30.02-14.43 30.02-30.66V62.75c.01-17.71-15.35-31.74-33.77-30.7zM264.73 87.64C197.5 46.48 88.58 35.17 33.78 32.05 15.36 31.01 0 45.04 0 62.75V400.6c0 16.24 13.13 29.78 30.02 30.66 49.49 2.6 149.59 12.11 218.77 46.95 10.62 5.35 23.21-1.94 23.21-13.46V100.63c0-5.29-2.62-10.14-7.27-12.99z\"><\/path><\/svg>\t\t\t<svg aria-hidden=\"true\" class=\"e-font-icon-svg e-fas-book-open\" viewBox=\"0 0 576 512\" xmlns=\"http:\/\/www.w3.org\/2000\/svg\"><path d=\"M542.22 32.05c-54.8 3.11-163.72 14.43-230.96 55.59-4.64 2.84-7.27 7.89-7.27 13.17v363.87c0 11.55 12.63 18.85 23.28 13.49 69.18-34.82 169.23-44.32 218.7-46.92 16.89-.89 30.02-14.43 30.02-30.66V62.75c.01-17.71-15.35-31.74-33.77-30.7zM264.73 87.64C197.5 46.48 88.58 35.17 33.78 32.05 15.36 31.01 0 45.04 0 62.75V400.6c0 16.24 13.13 29.78 30.02 30.66 49.49 2.6 149.59 12.11 218.77 46.95 10.62 5.35 23.21-1.94 23.21-13.46V100.63c0-5.29-2.62-10.14-7.27-12.99z\"><\/path><\/svg>\t\t<\/span>\n\t\t\t\t\t<span class=\"e-n-tab-title-text\">\n\t\t\t\tView as Flipbook\t\t\t<\/span>\n\t\t<\/button>\n\t\t\t\t\t<\/div>\n\t\t\t<div class=\"e-n-tabs-content\">\n\t\t\t\t<div id=\"e-n-tab-content-1298169821\" role=\"tabpanel\" aria-labelledby=\"e-n-tab-title-1298169821\" data-tab-index=\"1\" style=\"--n-tabs-title-order: 1;\" class=\"e-active elementor-element elementor-element-6a4b3c4 e-con-full e-flex wpr-particle-no wpr-jarallax-no wpr-parallax-no wpr-sticky-section-no e-con e-child\" data-id=\"6a4b3c4\" data-element_type=\"container\" data-e-type=\"container\">\n\t\t\t\t<div class=\"elementor-element elementor-element-cc50160 elementor-widget elementor-widget-video\" data-id=\"cc50160\" data-element_type=\"widget\" data-e-type=\"widget\" data-settings=\"{&quot;video_type&quot;:&quot;hosted&quot;,&quot;controls&quot;:&quot;yes&quot;}\" data-widget_type=\"video.default\">\n\t\t\t\t<div class=\"elementor-widget-container\">\n\t\t\t\t\t\t\t<div class=\"e-hosted-video elementor-wrapper elementor-open-inline\">\n\t\t\t\t\t<video class=\"elementor-video\" src=\"https:\/\/online.visual-paradigm.com\/images\/animated-explainer\/templates\/video\/Multi-car%20Collision%20Downtown%20Breaking%20News.mp4\" controls=\"\" preload=\"metadata\" controlsList=\"nodownload\"><\/video>\n\t\t\t\t<\/div>\n\t\t\t\t\t\t<\/div>\n\t\t\t\t<\/div>\n\t\t\t\t<\/div>\n\t\t<div id=\"e-n-tab-content-1298169822\" role=\"tabpanel\" aria-labelledby=\"e-n-tab-title-1298169822\" data-tab-index=\"2\" style=\"--n-tabs-title-order: 2;\" class=\" elementor-element elementor-element-8d23033 e-con-full e-flex wpr-particle-no wpr-jarallax-no wpr-parallax-no wpr-sticky-section-no e-con e-child\" data-id=\"8d23033\" data-element_type=\"container\" data-e-type=\"container\">\n\t\t\t\t<div class=\"elementor-element elementor-element-b6e89b4 elementor-widget elementor-widget-html\" data-id=\"b6e89b4\" data-element_type=\"widget\" data-e-type=\"widget\" data-widget_type=\"html.default\">\n\t\t\t\t<div class=\"elementor-widget-container\">\n\t\t\t\t\t<iframe frameborder=\"0\" allowtransparency=\"true\" allowFullscreen=\"true\" style=\"width: 100%; height: 480px; border: none;\" src=\"https:\/\/online.visual-paradigm.com\/share\/book\/multi-car-collision-downtown-breaking-news-1z6m5ebsi8?p=1\"><\/iframe>\t\t\t\t<\/div>\n\t\t\t\t<\/div>\n\t\t\t\t<\/div>\n\t\t\t\t\t<\/div>\n\t\t<\/div>\n\t\t\t\t\t\t<\/div>\n\t\t\t\t<\/div>\n\t\t\t\t<\/div>\n\t\t<div class=\"elementor-element elementor-element-6b9a827 e-con-full e-flex wpr-particle-no wpr-jarallax-no wpr-parallax-no wpr-sticky-section-no e-con e-child\" data-id=\"6b9a827\" data-element_type=\"container\" data-e-type=\"container\">\n\t\t\t\t<div class=\"elementor-element elementor-element-846132f elementor-align-center elementor-widget elementor-widget-button\" data-id=\"846132f\" data-element_type=\"widget\" data-e-type=\"widget\" data-widget_type=\"button.default\">\n\t\t\t\t<div class=\"elementor-widget-container\">\n\t\t\t\t\t\t\t\t\t<div class=\"elementor-button-wrapper\">\n\t\t\t\t\t<a class=\"elementor-button elementor-button-link elementor-size-sm\" href=\"https:\/\/online.visual-paradigm.com\/app\/diagrams\/#animated-explainer:proj=0&#038;type=AnimatedExplainer&#038;width=1920&#038;height=1080&#038;unit=px&#038;gallery=\/repository\/5fba289c-616c-4834-8d29-f5f7a9c1711e.xml&#038;name=Multi-car%20Collision%20Downtown%20Breaking%20News\" target=\"_blank\">\n\t\t\t\t\t\t<span class=\"elementor-button-content-wrapper\">\n\t\t\t\t\t\t<span class=\"elementor-button-icon\">\n\t\t\t\t<svg aria-hidden=\"true\" class=\"e-font-icon-svg e-fas-pencil-alt\" viewBox=\"0 0 512 512\" xmlns=\"http:\/\/www.w3.org\/2000\/svg\"><path d=\"M497.9 142.1l-46.1 46.1c-4.7 4.7-12.3 4.7-17 0l-111-111c-4.7-4.7-4.7-12.3 0-17l46.1-46.1c18.7-18.7 49.1-18.7 67.9 0l60.1 60.1c18.8 18.7 18.8 49.1 0 67.9zM284.2 99.8L21.6 362.4.4 483.9c-2.9 16.4 11.4 30.6 27.8 27.8l121.5-21.3 262.6-262.6c4.7-4.7 4.7-12.3 0-17l-111-111c-4.8-4.7-12.4-4.7-17.1 0zM124.1 339.9c-5.5-5.5-5.5-14.3 0-19.8l154-154c5.5-5.5 14.3-5.5 19.8 0s5.5 14.3 0 19.8l-154 154c-5.5 5.5-14.3 5.5-19.8 0zM88 424h48v36.3l-64.5 11.3-31.1-31.1L51.7 376H88v48z\"><\/path><\/svg>\t\t\t<\/span>\n\t\t\t\t\t\t\t\t\t<span class=\"elementor-button-text\">Edit this Template<\/span>\n\t\t\t\t\t<\/span>\n\t\t\t\t\t<\/a>\n\t\t\t\t<\/div>\n\t\t\t\t\t\t\t\t<\/div>\n\t\t\t\t<\/div>\n\t\t\t\t<div class=\"elementor-element elementor-element-a247391 elementor-widget elementor-widget-text-editor\" data-id=\"a247391\" data-element_type=\"widget\" data-e-type=\"widget\" data-widget_type=\"text-editor.default\">\n\t\t\t\t<div class=\"elementor-widget-container\">\n\t\t\t\t\t\t\t\t\t\n<header>\n<h1>Deliver Urgent Updates with AniFuzion: The Leading 3D Animation Tool for Breaking News Videos<\/h1>\n<\/header><section>\n<h2>Video Template: Multi-Car Collision Downtown Breaking News<\/h2>\nBreaking news requires precision and speed. With <strong>AniFuzion<\/strong>, the premier 3D video creator, you can craft\ncompelling news updates that inform and engage. The <strong>&#8220;Multi-Car Collision Downtown Breaking News&#8221;<\/strong> template is designed\nto deliver urgent stories in a professional and visually dynamic manner. Perfect for journalists, broadcasters, or social media teams,\nthis template ensures your audience stays informed.\n\nIn this guide, we\u2019ll show you how AniFuzion helps you create impactful breaking news videos quickly and efficiently.\n\n<\/section><section>\n<h3>Why AniFuzion is Perfect for Breaking News Videos<\/h3>\n<ul>\n \t<li><strong>Professional 3D Character Options<\/strong>: Represent news anchors or reporters with customizable characters that reflect your branding.<\/li>\n \t<li><strong>Dynamic Scene Customization<\/strong>: Adjust settings to simulate live news environments with breaking headlines and on-the-scene visuals.<\/li>\n \t<li><strong>Attention-Grabbing Animations<\/strong>: Create engaging transitions and effects to keep viewers focused on the story.<\/li>\n \t<li><strong>High-Impact Visuals<\/strong>: Use realistic graphics to emphasize the urgency and importance of your news updates.<\/li>\n<\/ul>\n<\/section><section>\n<h3>How to Create Your Breaking News Video in Three Easy Steps<\/h3>\n<ol>\n \t<li><strong>Pick the \u201cMulti-Car Collision Downtown Breaking News\u201d Template<\/strong>This template is tailored for urgent updates, ensuring clarity and professionalism in delivering breaking news stories.<\/li>\n \t<li><strong>Customize Your Story<\/strong>Use AniFuzion\u2019s tools to personalize your video with custom headlines, character dialogues, and realistic props for a vivid news presentation.<\/li>\n \t<li><strong>Publish and Inform<\/strong>Export your completed video in high quality and share it across platforms like YouTube, social media, or live broadcasts.<\/li>\n<\/ol>\n<\/section><section>\n<h3>Where to Use Your Breaking News Video<\/h3>\n<ul>\n \t<li><strong>Social Media Updates<\/strong>: Share the animation on Twitter, Facebook, or Instagram to deliver news instantly to your audience.<\/li>\n \t<li><strong>News Websites<\/strong>: Embed the video on your website for a professional presentation of breaking news stories.<\/li>\n \t<li><strong>Television Broadcasts<\/strong>: Use the video for on-air updates to provide visual support for live reporting.<\/li>\n \t<li><strong>Emergency Alerts<\/strong>: Include animations in community notifications to quickly inform the public about urgent events.<\/li>\n<\/ul>\n<\/section><section>\n<h3>Features to Elevate Your Breaking News Video<\/h3>\n<ul>\n \t<li><strong>AI Voiceovers with Real-Time Lipsync<\/strong>: Add professional narration without the need for additional recording equipment.<\/li>\n \t<li><strong>Headline Animations<\/strong>: Highlight key points with moving text effects that grab viewers\u2019 attention.<\/li>\n \t<li><strong>Scene and Prop Libraries<\/strong>: Incorporate realistic visuals such as cars, cityscapes, or emergency vehicles to enhance storytelling.<\/li>\n<\/ul>\n<\/section><section>\n<h3>Why News Agencies Choose AniFuzion<\/h3>\nAniFuzion empowers journalists and news teams to create visually impactful updates with ease. Whether it\u2019s a major event\nor a local story, AniFuzion\u2019s intuitive platform and professional-quality tools help you deliver news that resonates.\nAccessible from anywhere, AniFuzion ensures your content remains dynamic and relevant.\n\n<\/section><section>\n<h3>Create Your Breaking News Video Today!<\/h3>\nClick <strong>&#8220;Edit&#8221;<\/strong> to explore the <strong>\u201cMulti-Car Collision Downtown Breaking News\u201d<\/strong> template and start crafting your animation.\nAniFuzion provides everything you need to create high-quality videos that keep your audience informed.\n\nDeliver news that stands out with AniFuzion\u2014the ultimate 3D animation tool for breaking news updates.\n\n<\/section>\t\t\t\t\t\t\t\t<\/div>\n\t\t\t\t<\/div>\n\t\t\t\t<\/div>\n\t\t\t\t<\/div>\n\t\t\t\t\t<\/div>\n\t\t\t\t<\/div>\n\t\t\t\t<\/div>\n\t\t","protected":false},"excerpt":{"rendered":"<p>View as Video View as Flipbook https:\/\/online.visual-paradigm.com\/images\/animated-explainer\/templates\/video\/Multi-car%20Collision%20Downtown%20Breaking%20News.mp4 Edit this Template Deliver Urgent Updates with AniFuzion: The Leading 3D Animation Tool for Breaking News Videos Video Template: Multi-Car Collision Downtown Breaking News Breaking news requires precision and speed. With AniFuzion, the premier 3D video creator, you can craft compelling news updates that inform and engage. The &#8220;Multi-Car Collision Downtown Breaking News&#8221; template is designed to deliver urgent stories in a professional and visually dynamic manner. Perfect for journalists, broadcasters, or social media teams, this template ensures your audience stays informed. In this guide, we\u2019ll show you how AniFuzion helps you create impactful breaking news videos quickly and efficiently. Why AniFuzion is Perfect for Breaking News Videos Professional 3D Character Options: Represent news anchors or reporters with customizable characters that reflect your branding. Dynamic Scene Customization: Adjust settings to simulate live news environments with breaking headlines and on-the-scene visuals. Attention-Grabbing Animations: Create engaging transitions and effects to keep viewers focused on the story. High-Impact Visuals: Use realistic graphics to emphasize the urgency and importance of your news updates. How to Create Your Breaking News Video in Three Easy Steps Pick the \u201cMulti-Car Collision Downtown Breaking News\u201d TemplateThis template is tailored for urgent updates, ensuring clarity and professionalism in delivering breaking news stories. Customize Your StoryUse AniFuzion\u2019s tools to personalize your video with custom headlines, character dialogues, and realistic props for a vivid news presentation. Publish and InformExport your completed video in high quality and share it across platforms like YouTube, social media, or live broadcasts. Where to Use Your Breaking News Video Social Media Updates: Share the animation on Twitter, Facebook, or Instagram to deliver news instantly to your audience. News Websites: Embed the video on your website for a professional presentation of breaking news stories. Television Broadcasts: Use the video for on-air updates to provide visual support for live reporting. Emergency Alerts: Include animations in community notifications to quickly inform the public about urgent events. Features to Elevate Your Breaking News Video AI Voiceovers with Real-Time Lipsync: Add professional narration without the need for additional recording equipment. Headline Animations: Highlight key points with moving text effects that grab viewers\u2019 attention. Scene and Prop Libraries: Incorporate realistic visuals such as cars, cityscapes, or emergency vehicles to enhance storytelling. Why News Agencies Choose AniFuzion AniFuzion empowers journalists and news teams to create visually impactful updates with ease. Whether it\u2019s a major event or a local story, AniFuzion\u2019s intuitive platform and professional-quality tools help you deliver news that resonates. Accessible from anywhere, AniFuzion ensures your content remains dynamic and relevant. Create Your Breaking News Video Today! Click &#8220;Edit&#8221; to explore the \u201cMulti-Car Collision Downtown Breaking News\u201d template and start crafting your animation. AniFuzion provides everything you need to create high-quality videos that keep your audience informed. Deliver news that stands out with AniFuzion\u2014the ultimate 3D animation tool for breaking news updates.<\/p>\n","protected":false},"author":1,"featured_media":0,"parent":0,"menu_order":0,"comment_status":"closed","ping_status":"closed","template":"","meta":{"content-type":"","footnotes":""},"class_list":["post-23728","page","type-page","status-publish","hentry","no-post-thumbnail"],"yoast_head":"<!-- This site is optimized with the Yoast SEO plugin v24.0 - https:\/\/yoast.com\/wordpress\/plugins\/seo\/ -->\n<title>Experience It Live: Multi-car Collision Downtown | Animation Software Demo<\/title>\n<meta name=\"description\" content=\"Bring breaking news to life with our animation software demo. Explore dynamic visuals for impactful storytelling!\" \/>\n<meta name=\"robots\" content=\"index, follow, max-snippet:-1, max-image-preview:large, max-video-preview:-1\" \/>\n<link rel=\"canonical\" href=\"https:\/\/www.anifuzion.com\/fr\/explainer-video-gallery\/multi-car-collision-downtown-breaking-news\/\" \/>\n<meta property=\"og:locale\" content=\"fr_FR\" \/>\n<meta property=\"og:type\" content=\"article\" \/>\n<meta property=\"og:title\" content=\"Experience It Live: Multi-car Collision Downtown | Animation Software Demo\" \/>\n<meta property=\"og:description\" content=\"Bring breaking news to life with our animation software demo. Explore dynamic visuals for impactful storytelling!\" \/>\n<meta property=\"og:url\" content=\"https:\/\/www.anifuzion.com\/fr\/explainer-video-gallery\/multi-car-collision-downtown-breaking-news\/\" \/>\n<meta property=\"og:site_name\" content=\"AniFuzion Fran\u00e7ais\" \/>\n<meta property=\"article:modified_time\" content=\"2024-11-29T02:06:29+00:00\" \/>\n<meta name=\"twitter:card\" content=\"summary_large_image\" \/>\n<meta name=\"twitter:label1\" content=\"Dur\u00e9e de lecture estim\u00e9e\" \/>\n\t<meta name=\"twitter:data1\" content=\"3 minutes\" \/>\n<script type=\"application\/ld+json\" class=\"yoast-schema-graph\">{\"@context\":\"https:\/\/schema.org\",\"@graph\":[{\"@type\":\"WebPage\",\"@id\":\"https:\/\/www.anifuzion.com\/fr\/explainer-video-gallery\/multi-car-collision-downtown-breaking-news\/\",\"url\":\"https:\/\/www.anifuzion.com\/fr\/explainer-video-gallery\/multi-car-collision-downtown-breaking-news\/\",\"name\":\"Experience It Live: Multi-car Collision Downtown | Animation Software Demo\",\"isPartOf\":{\"@id\":\"https:\/\/www.anifuzion.com\/fr\/#website\"},\"datePublished\":\"2024-11-28T03:06:45+00:00\",\"dateModified\":\"2024-11-29T02:06:29+00:00\",\"description\":\"Bring breaking news to life with our animation software demo. Explore dynamic visuals for impactful storytelling!\",\"breadcrumb\":{\"@id\":\"https:\/\/www.anifuzion.com\/fr\/explainer-video-gallery\/multi-car-collision-downtown-breaking-news\/#breadcrumb\"},\"inLanguage\":\"fr-FR\",\"potentialAction\":[{\"@type\":\"ReadAction\",\"target\":[\"https:\/\/www.anifuzion.com\/fr\/explainer-video-gallery\/multi-car-collision-downtown-breaking-news\/\"]}]},{\"@type\":\"BreadcrumbList\",\"@id\":\"https:\/\/www.anifuzion.com\/fr\/explainer-video-gallery\/multi-car-collision-downtown-breaking-news\/#breadcrumb\",\"itemListElement\":[{\"@type\":\"ListItem\",\"position\":1,\"name\":\"Home\",\"item\":\"https:\/\/www.anifuzion.com\/fr\/\"},{\"@type\":\"ListItem\",\"position\":2,\"name\":\"Multi-car Collision Downtown Breaking News\"}]},{\"@type\":\"WebSite\",\"@id\":\"https:\/\/www.anifuzion.com\/fr\/#website\",\"url\":\"https:\/\/www.anifuzion.com\/fr\/\",\"name\":\"AniFuzion Fran\u00e7ais\",\"description\":\"\",\"potentialAction\":[{\"@type\":\"SearchAction\",\"target\":{\"@type\":\"EntryPoint\",\"urlTemplate\":\"https:\/\/www.anifuzion.com\/fr\/?s={search_term_string}\"},\"query-input\":{\"@type\":\"PropertyValueSpecification\",\"valueRequired\":true,\"valueName\":\"search_term_string\"}}],\"inLanguage\":\"fr-FR\"}]}<\/script>\n<!-- \/ Yoast SEO plugin. -->","yoast_head_json":{"title":"Experience It Live: Multi-car Collision Downtown | Animation Software Demo","description":"Bring breaking news to life with our animation software demo. Explore dynamic visuals for impactful storytelling!","robots":{"index":"index","follow":"follow","max-snippet":"max-snippet:-1","max-image-preview":"max-image-preview:large","max-video-preview":"max-video-preview:-1"},"canonical":"https:\/\/www.anifuzion.com\/fr\/explainer-video-gallery\/multi-car-collision-downtown-breaking-news\/","og_locale":"fr_FR","og_type":"article","og_title":"Experience It Live: Multi-car Collision Downtown | Animation Software Demo","og_description":"Bring breaking news to life with our animation software demo. Explore dynamic visuals for impactful storytelling!","og_url":"https:\/\/www.anifuzion.com\/fr\/explainer-video-gallery\/multi-car-collision-downtown-breaking-news\/","og_site_name":"AniFuzion Fran\u00e7ais","article_modified_time":"2024-11-29T02:06:29+00:00","twitter_card":"summary_large_image","twitter_misc":{"Dur\u00e9e de lecture estim\u00e9e":"3 minutes"},"schema":{"@context":"https:\/\/schema.org","@graph":[{"@type":"WebPage","@id":"https:\/\/www.anifuzion.com\/fr\/explainer-video-gallery\/multi-car-collision-downtown-breaking-news\/","url":"https:\/\/www.anifuzion.com\/fr\/explainer-video-gallery\/multi-car-collision-downtown-breaking-news\/","name":"Experience It Live: Multi-car Collision Downtown | Animation Software Demo","isPartOf":{"@id":"https:\/\/www.anifuzion.com\/fr\/#website"},"datePublished":"2024-11-28T03:06:45+00:00","dateModified":"2024-11-29T02:06:29+00:00","description":"Bring breaking news to life with our animation software demo. Explore dynamic visuals for impactful storytelling!","breadcrumb":{"@id":"https:\/\/www.anifuzion.com\/fr\/explainer-video-gallery\/multi-car-collision-downtown-breaking-news\/#breadcrumb"},"inLanguage":"fr-FR","potentialAction":[{"@type":"ReadAction","target":["https:\/\/www.anifuzion.com\/fr\/explainer-video-gallery\/multi-car-collision-downtown-breaking-news\/"]}]},{"@type":"BreadcrumbList","@id":"https:\/\/www.anifuzion.com\/fr\/explainer-video-gallery\/multi-car-collision-downtown-breaking-news\/#breadcrumb","itemListElement":[{"@type":"ListItem","position":1,"name":"Home","item":"https:\/\/www.anifuzion.com\/fr\/"},{"@type":"ListItem","position":2,"name":"Multi-car Collision Downtown Breaking News"}]},{"@type":"WebSite","@id":"https:\/\/www.anifuzion.com\/fr\/#website","url":"https:\/\/www.anifuzion.com\/fr\/","name":"AniFuzion Fran\u00e7ais","description":"","potentialAction":[{"@type":"SearchAction","target":{"@type":"EntryPoint","urlTemplate":"https:\/\/www.anifuzion.com\/fr\/?s={search_term_string}"},"query-input":{"@type":"PropertyValueSpecification","valueRequired":true,"valueName":"search_term_string"}}],"inLanguage":"fr-FR"}]}},"acf":[],"_links":{"self":[{"href":"https:\/\/www.anifuzion.com\/fr\/wp-json\/wp\/v2\/pages\/23728","targetHints":{"allow":["GET"]}}],"collection":[{"href":"https:\/\/www.anifuzion.com\/fr\/wp-json\/wp\/v2\/pages"}],"about":[{"href":"https:\/\/www.anifuzion.com\/fr\/wp-json\/wp\/v2\/types\/page"}],"author":[{"embeddable":true,"href":"https:\/\/www.anifuzion.com\/fr\/wp-json\/wp\/v2\/users\/1"}],"replies":[{"embeddable":true,"href":"https:\/\/www.anifuzion.com\/fr\/wp-json\/wp\/v2\/comments?post=23728"}],"version-history":[{"count":10,"href":"https:\/\/www.anifuzion.com\/fr\/wp-json\/wp\/v2\/pages\/23728\/revisions"}],"predecessor-version":[{"id":24139,"href":"https:\/\/www.anifuzion.com\/fr\/wp-json\/wp\/v2\/pages\/23728\/revisions\/24139"}],"wp:attachment":[{"href":"https:\/\/www.anifuzion.com\/fr\/wp-json\/wp\/v2\/media?parent=23728"}],"curies":[{"name":"wp","href":"https:\/\/api.w.org\/{rel}","templated":true}]}}