{"id":24101,"date":"2024-11-28T08:24:20","date_gmt":"2024-11-28T08:24:20","guid":{"rendered":"https:\/\/www.anifuzion.com\/?page_id=24101"},"modified":"2024-11-29T02:18:23","modified_gmt":"2024-11-29T02:18:23","slug":"explainer-video-gallery-school-task-overview","status":"publish","type":"page","link":"https:\/\/www.anifuzion.com\/fr\/explainer-video-gallery\/school-task-overview","title":{"rendered":"School Task Overview"},"content":{"rendered":"\t\t<div data-elementor-type=\"wp-page\" data-elementor-id=\"24101\" class=\"elementor elementor-24101\">\n\t\t\t\t<div class=\"elementor-element elementor-element-b603716 e-flex e-con-boxed wpr-particle-no wpr-jarallax-no wpr-parallax-no wpr-sticky-section-no e-con e-parent\" data-id=\"b603716\" data-element_type=\"container\" data-e-type=\"container\" id=\"video-gallery-template-item-content\">\n\t\t\t\t\t<div class=\"e-con-inner\">\n\t\t<div class=\"elementor-element elementor-element-fa6fca2 e-con-full e-flex wpr-particle-no wpr-jarallax-no wpr-parallax-no wpr-sticky-section-no e-con e-child\" data-id=\"fa6fca2\" data-element_type=\"container\" data-e-type=\"container\">\n\t\t<div class=\"elementor-element elementor-element-3a794ed e-con-full e-flex wpr-particle-no wpr-jarallax-no wpr-parallax-no wpr-sticky-section-no e-con e-child\" data-id=\"3a794ed\" data-element_type=\"container\" data-e-type=\"container\">\n\t\t\t\t<div class=\"elementor-element elementor-element-7bcd996 e-n-tabs-mobile elementor-widget elementor-widget-n-tabs\" data-id=\"7bcd996\" data-element_type=\"widget\" data-e-type=\"widget\" data-settings=\"{&quot;horizontal_scroll&quot;:&quot;disable&quot;}\" data-widget_type=\"nested-tabs.default\">\n\t\t\t\t<div class=\"elementor-widget-container\">\n\t\t\t\t\t\t\t<div class=\"e-n-tabs\" data-widget-number=\"129816982\" aria-label=\"Onglets. Ouvrez des \u00e9l\u00e9ments avec Entrer ou Espace, fermez-les avec Echape et naviguez \u00e0 l&#039;aide des touches fl\u00e9ch\u00e9es.\">\n\t\t\t<div class=\"e-n-tabs-heading\" role=\"tablist\">\n\t\t\t\t\t<button id=\"e-n-tab-title-1298169821\" data-tab-title-id=\"e-n-tab-title-1298169821\" class=\"e-n-tab-title\" aria-selected=\"true\" data-tab-index=\"1\" role=\"tab\" tabindex=\"0\" aria-controls=\"e-n-tab-content-1298169821\" style=\"--n-tabs-title-order: 1;\">\n\t\t\t\t\t<span class=\"e-n-tab-icon\">\n\t\t\t<svg aria-hidden=\"true\" class=\"e-font-icon-svg e-fas-video\" viewBox=\"0 0 576 512\" xmlns=\"http:\/\/www.w3.org\/2000\/svg\"><path d=\"M336.2 64H47.8C21.4 64 0 85.4 0 111.8v288.4C0 426.6 21.4 448 47.8 448h288.4c26.4 0 47.8-21.4 47.8-47.8V111.8c0-26.4-21.4-47.8-47.8-47.8zm189.4 37.7L416 177.3v157.4l109.6 75.5c21.2 14.6 50.4-.3 50.4-25.8V127.5c0-25.4-29.1-40.4-50.4-25.8z\"><\/path><\/svg>\t\t\t<svg aria-hidden=\"true\" class=\"e-font-icon-svg e-fas-video\" viewBox=\"0 0 576 512\" xmlns=\"http:\/\/www.w3.org\/2000\/svg\"><path d=\"M336.2 64H47.8C21.4 64 0 85.4 0 111.8v288.4C0 426.6 21.4 448 47.8 448h288.4c26.4 0 47.8-21.4 47.8-47.8V111.8c0-26.4-21.4-47.8-47.8-47.8zm189.4 37.7L416 177.3v157.4l109.6 75.5c21.2 14.6 50.4-.3 50.4-25.8V127.5c0-25.4-29.1-40.4-50.4-25.8z\"><\/path><\/svg>\t\t<\/span>\n\t\t\t\t\t<span class=\"e-n-tab-title-text\">\n\t\t\t\tView as Video\t\t\t<\/span>\n\t\t<\/button>\n\t\t\t\t<button id=\"e-n-tab-title-1298169822\" data-tab-title-id=\"e-n-tab-title-1298169822\" class=\"e-n-tab-title\" aria-selected=\"false\" data-tab-index=\"2\" role=\"tab\" tabindex=\"-1\" aria-controls=\"e-n-tab-content-1298169822\" style=\"--n-tabs-title-order: 2;\">\n\t\t\t\t\t<span class=\"e-n-tab-icon\">\n\t\t\t<svg aria-hidden=\"true\" class=\"e-font-icon-svg e-fas-book-open\" viewBox=\"0 0 576 512\" xmlns=\"http:\/\/www.w3.org\/2000\/svg\"><path d=\"M542.22 32.05c-54.8 3.11-163.72 14.43-230.96 55.59-4.64 2.84-7.27 7.89-7.27 13.17v363.87c0 11.55 12.63 18.85 23.28 13.49 69.18-34.82 169.23-44.32 218.7-46.92 16.89-.89 30.02-14.43 30.02-30.66V62.75c.01-17.71-15.35-31.74-33.77-30.7zM264.73 87.64C197.5 46.48 88.58 35.17 33.78 32.05 15.36 31.01 0 45.04 0 62.75V400.6c0 16.24 13.13 29.78 30.02 30.66 49.49 2.6 149.59 12.11 218.77 46.95 10.62 5.35 23.21-1.94 23.21-13.46V100.63c0-5.29-2.62-10.14-7.27-12.99z\"><\/path><\/svg>\t\t\t<svg aria-hidden=\"true\" class=\"e-font-icon-svg e-fas-book-open\" viewBox=\"0 0 576 512\" xmlns=\"http:\/\/www.w3.org\/2000\/svg\"><path d=\"M542.22 32.05c-54.8 3.11-163.72 14.43-230.96 55.59-4.64 2.84-7.27 7.89-7.27 13.17v363.87c0 11.55 12.63 18.85 23.28 13.49 69.18-34.82 169.23-44.32 218.7-46.92 16.89-.89 30.02-14.43 30.02-30.66V62.75c.01-17.71-15.35-31.74-33.77-30.7zM264.73 87.64C197.5 46.48 88.58 35.17 33.78 32.05 15.36 31.01 0 45.04 0 62.75V400.6c0 16.24 13.13 29.78 30.02 30.66 49.49 2.6 149.59 12.11 218.77 46.95 10.62 5.35 23.21-1.94 23.21-13.46V100.63c0-5.29-2.62-10.14-7.27-12.99z\"><\/path><\/svg>\t\t<\/span>\n\t\t\t\t\t<span class=\"e-n-tab-title-text\">\n\t\t\t\tView as Flipbook\t\t\t<\/span>\n\t\t<\/button>\n\t\t\t\t\t<\/div>\n\t\t\t<div class=\"e-n-tabs-content\">\n\t\t\t\t<div id=\"e-n-tab-content-1298169821\" role=\"tabpanel\" aria-labelledby=\"e-n-tab-title-1298169821\" data-tab-index=\"1\" style=\"--n-tabs-title-order: 1;\" class=\"e-active elementor-element elementor-element-6a4b3c4 e-con-full e-flex wpr-particle-no wpr-jarallax-no wpr-parallax-no wpr-sticky-section-no e-con e-child\" data-id=\"6a4b3c4\" data-element_type=\"container\" data-e-type=\"container\">\n\t\t\t\t<div class=\"elementor-element elementor-element-cc50160 elementor-widget elementor-widget-video\" data-id=\"cc50160\" data-element_type=\"widget\" data-e-type=\"widget\" data-settings=\"{&quot;video_type&quot;:&quot;hosted&quot;,&quot;controls&quot;:&quot;yes&quot;}\" data-widget_type=\"video.default\">\n\t\t\t\t<div class=\"elementor-widget-container\">\n\t\t\t\t\t\t\t<div class=\"e-hosted-video elementor-wrapper elementor-open-inline\">\n\t\t\t\t\t<video class=\"elementor-video\" src=\"https:\/\/online.visual-paradigm.com\/images\/animated-explainer\/templates\/video\/School%20Task%20Overview.mp4\" controls=\"\" preload=\"metadata\" controlsList=\"nodownload\"><\/video>\n\t\t\t\t<\/div>\n\t\t\t\t\t\t<\/div>\n\t\t\t\t<\/div>\n\t\t\t\t<\/div>\n\t\t<div id=\"e-n-tab-content-1298169822\" role=\"tabpanel\" aria-labelledby=\"e-n-tab-title-1298169822\" data-tab-index=\"2\" style=\"--n-tabs-title-order: 2;\" class=\" elementor-element elementor-element-8d23033 e-con-full e-flex wpr-particle-no wpr-jarallax-no wpr-parallax-no wpr-sticky-section-no e-con e-child\" data-id=\"8d23033\" data-element_type=\"container\" data-e-type=\"container\">\n\t\t\t\t<div class=\"elementor-element elementor-element-b6e89b4 elementor-widget elementor-widget-html\" data-id=\"b6e89b4\" data-element_type=\"widget\" data-e-type=\"widget\" data-widget_type=\"html.default\">\n\t\t\t\t<div class=\"elementor-widget-container\">\n\t\t\t\t\t<iframe frameborder=\"0\" allowtransparency=\"true\" allowFullscreen=\"true\" style=\"width: 100%; height: 480px; border: none;\" src=\"https:\/\/online.visual-paradigm.com\/share\/book\/school-task-overview-1z6y8jej66?p=1\"><\/iframe>\t\t\t\t<\/div>\n\t\t\t\t<\/div>\n\t\t\t\t<\/div>\n\t\t\t\t\t<\/div>\n\t\t<\/div>\n\t\t\t\t\t\t<\/div>\n\t\t\t\t<\/div>\n\t\t\t\t<\/div>\n\t\t<div class=\"elementor-element elementor-element-6b9a827 e-con-full e-flex wpr-particle-no wpr-jarallax-no wpr-parallax-no wpr-sticky-section-no e-con e-child\" data-id=\"6b9a827\" data-element_type=\"container\" data-e-type=\"container\">\n\t\t\t\t<div class=\"elementor-element elementor-element-846132f elementor-align-center elementor-widget elementor-widget-button\" data-id=\"846132f\" data-element_type=\"widget\" data-e-type=\"widget\" data-widget_type=\"button.default\">\n\t\t\t\t<div class=\"elementor-widget-container\">\n\t\t\t\t\t\t\t\t\t<div class=\"elementor-button-wrapper\">\n\t\t\t\t\t<a class=\"elementor-button elementor-button-link elementor-size-sm\" href=\"https:\/\/online.visual-paradigm.com\/app\/diagrams\/#animated-explainer:proj=0&#038;type=AnimatedExplainer&#038;width=1920&#038;height=1080&#038;unit=px&#038;gallery=\/repository\/3975c727-5b52-4816-bba1-e9cab16d9685.xml&#038;name=School%20Task%20Overview\" target=\"_blank\">\n\t\t\t\t\t\t<span class=\"elementor-button-content-wrapper\">\n\t\t\t\t\t\t<span class=\"elementor-button-icon\">\n\t\t\t\t<svg aria-hidden=\"true\" class=\"e-font-icon-svg e-fas-pencil-alt\" viewBox=\"0 0 512 512\" xmlns=\"http:\/\/www.w3.org\/2000\/svg\"><path d=\"M497.9 142.1l-46.1 46.1c-4.7 4.7-12.3 4.7-17 0l-111-111c-4.7-4.7-4.7-12.3 0-17l46.1-46.1c18.7-18.7 49.1-18.7 67.9 0l60.1 60.1c18.8 18.7 18.8 49.1 0 67.9zM284.2 99.8L21.6 362.4.4 483.9c-2.9 16.4 11.4 30.6 27.8 27.8l121.5-21.3 262.6-262.6c4.7-4.7 4.7-12.3 0-17l-111-111c-4.8-4.7-12.4-4.7-17.1 0zM124.1 339.9c-5.5-5.5-5.5-14.3 0-19.8l154-154c5.5-5.5 14.3-5.5 19.8 0s5.5 14.3 0 19.8l-154 154c-5.5 5.5-14.3 5.5-19.8 0zM88 424h48v36.3l-64.5 11.3-31.1-31.1L51.7 376H88v48z\"><\/path><\/svg>\t\t\t<\/span>\n\t\t\t\t\t\t\t\t\t<span class=\"elementor-button-text\">Edit this Template<\/span>\n\t\t\t\t\t<\/span>\n\t\t\t\t\t<\/a>\n\t\t\t\t<\/div>\n\t\t\t\t\t\t\t\t<\/div>\n\t\t\t\t<\/div>\n\t\t\t\t<div class=\"elementor-element elementor-element-a247391 elementor-widget elementor-widget-text-editor\" data-id=\"a247391\" data-element_type=\"widget\" data-e-type=\"widget\" data-widget_type=\"text-editor.default\">\n\t\t\t\t<div class=\"elementor-widget-container\">\n\t\t\t\t\t\t\t\t\t\n<h1>Streamline Education with AniFuzion: The Best 3D Video Maker<\/h1>\n<section>\n<h2>Video Template: School Task Overview<\/h2>\nSimplify the explanation of school assignments and projects with <strong>AniFuzion<\/strong>, the ultimate 3D animation tool.\nThe <strong>&#8220;School Task Overview&#8221;<\/strong> template is designed to help educators and students present clear, visually engaging overviews of academic tasks.\nTransform learning into an exciting visual experience with AniFuzion.\n\nDiscover how AniFuzion can help you create captivating educational videos with ease.\n\n<\/section><section>\n<h3>Why AniFuzion is Perfect for Educational Videos<\/h3>\n<ul>\n \t<li><strong>Customizable Templates<\/strong>: Personalize the &#8220;School Task Overview&#8221; template to match specific subjects or themes.<\/li>\n \t<li><strong>3D Animated Characters<\/strong>: Use dynamic characters to make explanations more relatable and engaging for students.<\/li>\n \t<li><strong>Vivid Visuals<\/strong>: Add clarity and creativity to your assignments with professional-quality animations.<\/li>\n \t<li><strong>Easy to Use<\/strong>: Create stunning educational videos without requiring advanced animation skills.<\/li>\n<\/ul>\n<\/section><section>\n<h3>How to Create a School Task Overview in Three Steps<\/h3>\n<ol>\n \t<li><strong>Select the \u201cSchool Task Overview\u201d Template<\/strong>This template is tailored for presenting school assignments with clarity and creativity, making it easy for students to understand the tasks.<\/li>\n \t<li><strong>Customize the Video<\/strong>Modify the content to include specific task details, objectives, and timelines. Use AniFuzion\u2019s tools to add graphics and text animations.<\/li>\n \t<li><strong>Share with Students<\/strong>Export your video in high quality and share it through platforms like Google Classroom, YouTube, or during classroom presentations.<\/li>\n<\/ol>\n<\/section><section>\n<h3>Where to Use School Task Overview Videos<\/h3>\n<ul>\n \t<li><strong>Classroom Assignments<\/strong>: Provide clear instructions for projects and activities with visual aids.<\/li>\n \t<li><strong>Parent-Teacher Communication<\/strong>: Share video overviews of tasks to keep parents informed about classroom activities.<\/li>\n \t<li><strong>Online Learning Platforms<\/strong>: Enhance digital lessons with animated task explanations that engage students.<\/li>\n \t<li><strong>Student Presentations<\/strong>: Help students create polished project overviews for peer presentations.<\/li>\n<\/ul>\n<\/section><section>\n<h3>Features That Make AniFuzion Ideal for School Videos<\/h3>\n<ul>\n \t<li><strong>AI Voiceovers<\/strong>: Add clear and engaging narrations to explain tasks effectively.<\/li>\n \t<li><strong>Drag-and-Drop Simplicity<\/strong>: Effortlessly create professional animations with user-friendly tools.<\/li>\n \t<li><strong>Rich Media Library<\/strong>: Access a wide range of props, backgrounds, and characters for educational content.<\/li>\n<\/ul>\n<\/section><section>\n<h3>Why Educators Choose AniFuzion<\/h3>\nAniFuzion empowers teachers and students to create educational videos that simplify complex concepts and inspire learning.\nWith intuitive features and a wealth of customization options, AniFuzion makes it easy to bring ideas to life and enhance the educational experience.\n\n<\/section><section>\n<h3>Start Your School Task Overview Video Today!<\/h3>\nClick <strong>&#8220;Edit&#8221;<\/strong> to explore the <strong>&#8220;School Task Overview&#8221;<\/strong> template and start creating your custom animation.\nWith AniFuzion, you can transform classroom instructions into an engaging visual journey.\n\nMake learning more dynamic and accessible with AniFuzion\u2014the ultimate tool for educational animation.\n\n<\/section>\t\t\t\t\t\t\t\t<\/div>\n\t\t\t\t<\/div>\n\t\t\t\t<\/div>\n\t\t\t\t<\/div>\n\t\t\t\t\t<\/div>\n\t\t\t\t<\/div>\n\t\t\t\t<\/div>\n\t\t","protected":false},"excerpt":{"rendered":"<p>View as Video View as Flipbook https:\/\/online.visual-paradigm.com\/images\/animated-explainer\/templates\/video\/School%20Task%20Overview.mp4 Edit this Template Streamline Education with AniFuzion: The Best 3D Video Maker Video Template: School Task Overview Simplify the explanation of school assignments and projects with AniFuzion, the ultimate 3D animation tool. The &#8220;School Task Overview&#8221; template is designed to help educators and students present clear, visually engaging overviews of academic tasks. Transform learning into an exciting visual experience with AniFuzion. Discover how AniFuzion can help you create captivating educational videos with ease. Why AniFuzion is Perfect for Educational Videos Customizable Templates: Personalize the &#8220;School Task Overview&#8221; template to match specific subjects or themes. 3D Animated Characters: Use dynamic characters to make explanations more relatable and engaging for students. Vivid Visuals: Add clarity and creativity to your assignments with professional-quality animations. Easy to Use: Create stunning educational videos without requiring advanced animation skills. How to Create a School Task Overview in Three Steps Select the \u201cSchool Task Overview\u201d TemplateThis template is tailored for presenting school assignments with clarity and creativity, making it easy for students to understand the tasks. Customize the VideoModify the content to include specific task details, objectives, and timelines. Use AniFuzion\u2019s tools to add graphics and text animations. Share with StudentsExport your video in high quality and share it through platforms like Google Classroom, YouTube, or during classroom presentations. Where to Use School Task Overview Videos Classroom Assignments: Provide clear instructions for projects and activities with visual aids. Parent-Teacher Communication: Share video overviews of tasks to keep parents informed about classroom activities. Online Learning Platforms: Enhance digital lessons with animated task explanations that engage students. Student Presentations: Help students create polished project overviews for peer presentations. Features That Make AniFuzion Ideal for School Videos AI Voiceovers: Add clear and engaging narrations to explain tasks effectively. Drag-and-Drop Simplicity: Effortlessly create professional animations with user-friendly tools. Rich Media Library: Access a wide range of props, backgrounds, and characters for educational content. Why Educators Choose AniFuzion AniFuzion empowers teachers and students to create educational videos that simplify complex concepts and inspire learning. With intuitive features and a wealth of customization options, AniFuzion makes it easy to bring ideas to life and enhance the educational experience. Start Your School Task Overview Video Today! Click &#8220;Edit&#8221; to explore the &#8220;School Task Overview&#8221; template and start creating your custom animation. With AniFuzion, you can transform classroom instructions into an engaging visual journey. Make learning more dynamic and accessible with AniFuzion\u2014the ultimate tool for educational animation.<\/p>\n","protected":false},"author":1,"featured_media":0,"parent":0,"menu_order":0,"comment_status":"closed","ping_status":"closed","template":"","meta":{"content-type":"","footnotes":""},"class_list":["post-24101","page","type-page","status-publish","hentry","no-post-thumbnail"],"yoast_head":"<!-- This site is optimized with the Yoast SEO plugin v24.0 - https:\/\/yoast.com\/wordpress\/plugins\/seo\/ -->\n<title>Watch It Unfold: School Task Overview | Animation Software Demo<\/title>\n<meta name=\"description\" content=\"Get an overview of school tasks with engaging animations. See how our animation software brings educational content to life!\" \/>\n<meta name=\"robots\" content=\"index, follow, max-snippet:-1, max-image-preview:large, max-video-preview:-1\" \/>\n<link rel=\"canonical\" href=\"https:\/\/www.anifuzion.com\/fr\/explainer-video-gallery\/school-task-overview\/\" \/>\n<meta property=\"og:locale\" content=\"fr_FR\" \/>\n<meta property=\"og:type\" content=\"article\" \/>\n<meta property=\"og:title\" content=\"Watch It Unfold: School Task Overview | Animation Software Demo\" \/>\n<meta property=\"og:description\" content=\"Get an overview of school tasks with engaging animations. See how our animation software brings educational content to life!\" \/>\n<meta property=\"og:url\" content=\"https:\/\/www.anifuzion.com\/fr\/explainer-video-gallery\/school-task-overview\/\" \/>\n<meta property=\"og:site_name\" content=\"AniFuzion Fran\u00e7ais\" \/>\n<meta property=\"article:modified_time\" content=\"2024-11-29T02:18:23+00:00\" \/>\n<meta name=\"twitter:card\" content=\"summary_large_image\" \/>\n<meta name=\"twitter:label1\" content=\"Dur\u00e9e de lecture estim\u00e9e\" \/>\n\t<meta name=\"twitter:data1\" content=\"2 minutes\" \/>\n<script type=\"application\/ld+json\" class=\"yoast-schema-graph\">{\"@context\":\"https:\/\/schema.org\",\"@graph\":[{\"@type\":\"WebPage\",\"@id\":\"https:\/\/www.anifuzion.com\/fr\/explainer-video-gallery\/school-task-overview\/\",\"url\":\"https:\/\/www.anifuzion.com\/fr\/explainer-video-gallery\/school-task-overview\/\",\"name\":\"Watch It Unfold: School Task Overview | Animation Software Demo\",\"isPartOf\":{\"@id\":\"https:\/\/www.anifuzion.com\/fr\/#website\"},\"datePublished\":\"2024-11-28T08:24:20+00:00\",\"dateModified\":\"2024-11-29T02:18:23+00:00\",\"description\":\"Get an overview of school tasks with engaging animations. See how our animation software brings educational content to life!\",\"breadcrumb\":{\"@id\":\"https:\/\/www.anifuzion.com\/fr\/explainer-video-gallery\/school-task-overview\/#breadcrumb\"},\"inLanguage\":\"fr-FR\",\"potentialAction\":[{\"@type\":\"ReadAction\",\"target\":[\"https:\/\/www.anifuzion.com\/fr\/explainer-video-gallery\/school-task-overview\/\"]}]},{\"@type\":\"BreadcrumbList\",\"@id\":\"https:\/\/www.anifuzion.com\/fr\/explainer-video-gallery\/school-task-overview\/#breadcrumb\",\"itemListElement\":[{\"@type\":\"ListItem\",\"position\":1,\"name\":\"Home\",\"item\":\"https:\/\/www.anifuzion.com\/fr\/\"},{\"@type\":\"ListItem\",\"position\":2,\"name\":\"School Task Overview\"}]},{\"@type\":\"WebSite\",\"@id\":\"https:\/\/www.anifuzion.com\/fr\/#website\",\"url\":\"https:\/\/www.anifuzion.com\/fr\/\",\"name\":\"AniFuzion Fran\u00e7ais\",\"description\":\"\",\"potentialAction\":[{\"@type\":\"SearchAction\",\"target\":{\"@type\":\"EntryPoint\",\"urlTemplate\":\"https:\/\/www.anifuzion.com\/fr\/?s={search_term_string}\"},\"query-input\":{\"@type\":\"PropertyValueSpecification\",\"valueRequired\":true,\"valueName\":\"search_term_string\"}}],\"inLanguage\":\"fr-FR\"}]}<\/script>\n<!-- \/ Yoast SEO plugin. -->","yoast_head_json":{"title":"Watch It Unfold: School Task Overview | Animation Software Demo","description":"Get an overview of school tasks with engaging animations. See how our animation software brings educational content to life!","robots":{"index":"index","follow":"follow","max-snippet":"max-snippet:-1","max-image-preview":"max-image-preview:large","max-video-preview":"max-video-preview:-1"},"canonical":"https:\/\/www.anifuzion.com\/fr\/explainer-video-gallery\/school-task-overview\/","og_locale":"fr_FR","og_type":"article","og_title":"Watch It Unfold: School Task Overview | Animation Software Demo","og_description":"Get an overview of school tasks with engaging animations. See how our animation software brings educational content to life!","og_url":"https:\/\/www.anifuzion.com\/fr\/explainer-video-gallery\/school-task-overview\/","og_site_name":"AniFuzion Fran\u00e7ais","article_modified_time":"2024-11-29T02:18:23+00:00","twitter_card":"summary_large_image","twitter_misc":{"Dur\u00e9e de lecture estim\u00e9e":"2 minutes"},"schema":{"@context":"https:\/\/schema.org","@graph":[{"@type":"WebPage","@id":"https:\/\/www.anifuzion.com\/fr\/explainer-video-gallery\/school-task-overview\/","url":"https:\/\/www.anifuzion.com\/fr\/explainer-video-gallery\/school-task-overview\/","name":"Watch It Unfold: School Task Overview | Animation Software Demo","isPartOf":{"@id":"https:\/\/www.anifuzion.com\/fr\/#website"},"datePublished":"2024-11-28T08:24:20+00:00","dateModified":"2024-11-29T02:18:23+00:00","description":"Get an overview of school tasks with engaging animations. See how our animation software brings educational content to life!","breadcrumb":{"@id":"https:\/\/www.anifuzion.com\/fr\/explainer-video-gallery\/school-task-overview\/#breadcrumb"},"inLanguage":"fr-FR","potentialAction":[{"@type":"ReadAction","target":["https:\/\/www.anifuzion.com\/fr\/explainer-video-gallery\/school-task-overview\/"]}]},{"@type":"BreadcrumbList","@id":"https:\/\/www.anifuzion.com\/fr\/explainer-video-gallery\/school-task-overview\/#breadcrumb","itemListElement":[{"@type":"ListItem","position":1,"name":"Home","item":"https:\/\/www.anifuzion.com\/fr\/"},{"@type":"ListItem","position":2,"name":"School Task Overview"}]},{"@type":"WebSite","@id":"https:\/\/www.anifuzion.com\/fr\/#website","url":"https:\/\/www.anifuzion.com\/fr\/","name":"AniFuzion Fran\u00e7ais","description":"","potentialAction":[{"@type":"SearchAction","target":{"@type":"EntryPoint","urlTemplate":"https:\/\/www.anifuzion.com\/fr\/?s={search_term_string}"},"query-input":{"@type":"PropertyValueSpecification","valueRequired":true,"valueName":"search_term_string"}}],"inLanguage":"fr-FR"}]}},"acf":[],"_links":{"self":[{"href":"https:\/\/www.anifuzion.com\/fr\/wp-json\/wp\/v2\/pages\/24101","targetHints":{"allow":["GET"]}}],"collection":[{"href":"https:\/\/www.anifuzion.com\/fr\/wp-json\/wp\/v2\/pages"}],"about":[{"href":"https:\/\/www.anifuzion.com\/fr\/wp-json\/wp\/v2\/types\/page"}],"author":[{"embeddable":true,"href":"https:\/\/www.anifuzion.com\/fr\/wp-json\/wp\/v2\/users\/1"}],"replies":[{"embeddable":true,"href":"https:\/\/www.anifuzion.com\/fr\/wp-json\/wp\/v2\/comments?post=24101"}],"version-history":[{"count":7,"href":"https:\/\/www.anifuzion.com\/fr\/wp-json\/wp\/v2\/pages\/24101\/revisions"}],"predecessor-version":[{"id":24157,"href":"https:\/\/www.anifuzion.com\/fr\/wp-json\/wp\/v2\/pages\/24101\/revisions\/24157"}],"wp:attachment":[{"href":"https:\/\/www.anifuzion.com\/fr\/wp-json\/wp\/v2\/media?parent=24101"}],"curies":[{"name":"wp","href":"https:\/\/api.w.org\/{rel}","templated":true}]}}